{"id":15277,"date":"2014-03-25T16:18:20","date_gmt":"2014-03-25T16:18:20","guid":{"rendered":"http:\/\/www.senatorsclubbell.com\/fr\/interactive-banners\/"},"modified":"2016-02-16T15:57:38","modified_gmt":"2016-02-16T20:57:38","slug":"sieges","status":"publish","type":"page","link":"https:\/\/www.senatorsclubbell.com\/fr\/sieges\/","title":{"rendered":"Seating Options"},"content":{"rendered":"<div      class=\"vc_row wpb_row section vc_row-fluid custom_color vc_custom_1455655490275 grid_section\" style='background-color:#ffffff; padding-top:87px; padding-bottom:78px; text-align:left;'><div class=\" section_inner clearfix\"><div class='section_inner_margin clearfix'><div class=\"wpb_column vc_column_container vc_col-sm-12\"><div class=\"wpb_wrapper\">\n\t<div class=\"wpb_text_column wpb_content_element \">\n\t\t<div class=\"wpb_wrapper\">\n\t\t\t<h2 style=\"text-align: center;\"><span style=\"color: #000000;\">Option des si\u00e9ges<\/span><\/h2>\n\n\t\t<\/div> \n\t<\/div> <div class=\"separator  small center  \" style=\"margin-top: 5px;margin-bottom: 20px;background-color: #0a0a0a;\"><\/div>\n<\/div><\/div><\/div><\/div><\/div><div      class=\"vc_row wpb_row section vc_row-fluid vc_custom_1455654441331\" style='background-color:#ffffff; padding-bottom:14px; text-align:left;'><div class=\" full_section_inner clearfix\"><div class=\"wpb_column vc_column_container vc_col-sm-12\"><div class=\"wpb_wrapper\"><div class=\"separator  transparent   \" style=\"margin-top: 7px;margin-bottom: 35px;\"><\/div>\n<div      class=\"vc_row wpb_row section vc_inner vc_row-fluid\" style=' text-align:left;'><div class=\" full_section_inner clearfix\"><div class=\"wpb_column vc_column_container vc_col-sm-4 vc_custom_1455654588379\"><div class=\"wpb_wrapper\"><div class=\"q_image_with_text_over \"><div class=\"shader\" ><\/div><img src=\"https:\/\/www.senatorsclubbell.com\/wp-content\/uploads\/2014\/03\/VictorySuite-Square.jpg\" alt=\"LOGE VICTOIRE\" \/><div class=\"text\"><table><tr><td><h2 class=\"caption no_icon\" style=\"\">LOGE VICTOIRE<\/h2><\/td><\/tr><\/table><table><tr><td><div class=\"desc\"><\/p>\n<p style=\"font-size: 18px;\"><strong>Les loges de type Victoire au nouveau Club Bell vous offre une exp\u00e9rience avec si\u00e8ges prestigieux pr\u00e8s de l\u2019action \u00e0 quelques pas de la patinoire.<\/strong><\/p>\n<div class=\"separator  transparent center  \" style=\"margin-top: 10px;margin-bottom: 10px;\"><\/div>\n\n<p><a class=\"qbutton center\" style=\"color: #0a0a0a; border-color: #ffffff; font-style: normal; font-weight: 400; background-color: #ffffff;\" href=\"http:\/\/www.senatorsclubbell.com\/fr\/loge-victoire\/\" target=\"_self\" data-hover-background-color=\"#ffffff\" data-hover-border-color=\"#ffffff\" data-hover-color=\"#0a0a0a\">PLUS D&rsquo;INFO<\/a><\/div><\/td><\/tr><\/table><\/div><\/div><div class=\"separator  transparent   \" style=\"margin-top: 50px;margin-bottom: 2px;\"><\/div>\n<\/div><\/div><div class=\"wpb_column vc_column_container vc_col-sm-4 vc_custom_1455654597579\"><div class=\"wpb_wrapper\"><div class=\"q_image_with_text_over \"><div class=\"shader\" ><\/div><img src=\"https:\/\/www.senatorsclubbell.com\/wp-content\/uploads\/2014\/03\/Loge-Square.jpg\" alt=\"LOGE TERRASE\" \/><div class=\"text\"><table><tr><td><h2 class=\"caption no_icon\" style=\"\">LOGE TERRASE<\/h2><\/td><\/tr><\/table><table><tr><td><div class=\"desc\"><\/p>\n<p style=\"font-size: 18px;\"><strong>Les loges Terrasse du Club Bell proposent une exp\u00e9rience intime de premi\u00e8re classe qui est v\u00e9ritablement unique dans le march\u00e9 d\u2019Ottawa.<\/strong><\/p>\n<div class=\"separator  transparent center  \" style=\"margin-top: 10px;margin-bottom: 10px;\"><\/div>\n\n<p><a class=\"qbutton center\" style=\"color: #0a0a0a; border-color: #ffffff; font-style: normal; font-weight: 400; background-color: #ffffff;\" href=\"http:\/\/www.senatorsclubbell.com\/fr\/loge-terrase\/\" target=\"_self\" data-hover-background-color=\"#ffffff\" data-hover-border-color=\"#ffffff\" data-hover-color=\"#0a0a0a\">PLUS D&rsquo;INFO<\/a><\/div><\/td><\/tr><\/table><\/div><\/div><div class=\"separator  transparent   \" style=\"margin-top: 50px;margin-bottom: 2px;\"><\/div>\n<\/div><\/div><div class=\"wpb_column vc_column_container vc_col-sm-4 vc_custom_1455654608387\"><div class=\"wpb_wrapper\"><div class=\"q_image_with_text_over \"><div class=\"shader\" ><\/div><img src=\"https:\/\/www.senatorsclubbell.com\/wp-content\/uploads\/2014\/03\/LuxeSeats-Square.jpg\" alt=\"SI\u00c8GES LUXE\" \/><div class=\"text\"><table><tr><td><h2 class=\"caption no_icon\" style=\"\">SI\u00c8GES LUXE<\/h2><\/td><\/tr><\/table><table><tr><td><div class=\"desc\"><\/p>\n<p style=\"font-size: 18px;\"><strong>\u00c0 partir de seulement 9 rang\u00e9es de la patinoire, les si\u00e8ges Luxe offrent l\u2019exp\u00e9rience VIP pour vous et vos invit\u00e9s au niveau 100.<\/strong><\/p>\n<div class=\"separator  transparent center  \" style=\"margin-top: 10px;margin-bottom: 10px;\"><\/div>\n\n<p><a class=\"qbutton center\" style=\"color: #0a0a0a; border-color: #ffffff; font-style: normal; font-weight: 400; background-color: #ffffff;\" href=\"http:\/\/www.senatorsclubbell.com\/fr\/luxe-seats\/\" target=\"_self\" data-hover-background-color=\"#ffffff\" data-hover-border-color=\"#ffffff\" data-hover-color=\"#0a0a0a\">PLUS D&rsquo;INFO<\/a><\/div><\/td><\/tr><\/table><\/div><\/div><div class=\"separator  transparent   \" style=\"margin-top: 51px;margin-bottom: 2px;\"><\/div>\n<\/div><\/div><\/div><\/div><\/div><\/div><\/div><\/div>\n","protected":false},"excerpt":{"rendered":"Option des si\u00e9ges LOGE VICTOIRE Les loges de type Victoire au nouveau Club Bell vous offre une exp\u00e9rience avec si\u00e8ges prestigieux pr\u00e8s de l\u2019action \u00e0 quelques pas de la patinoire. PLUS D'INFO LOGE TERRASE Les loges Terrasse du Club Bell proposent une exp\u00e9rience intime de...","protected":false},"author":3,"featured_media":0,"parent":0,"menu_order":0,"comment_status":"open","ping_status":"open","template":"full_width.php","meta":[],"_links":{"self":[{"href":"https:\/\/www.senatorsclubbell.com\/fr\/wp-json\/wp\/v2\/pages\/15277"}],"collection":[{"href":"https:\/\/www.senatorsclubbell.com\/fr\/wp-json\/wp\/v2\/pages"}],"about":[{"href":"https:\/\/www.senatorsclubbell.com\/fr\/wp-json\/wp\/v2\/types\/page"}],"author":[{"embeddable":true,"href":"https:\/\/www.senatorsclubbell.com\/fr\/wp-json\/wp\/v2\/users\/3"}],"replies":[{"embeddable":true,"href":"https:\/\/www.senatorsclubbell.com\/fr\/wp-json\/wp\/v2\/comments?post=15277"}],"version-history":[{"count":2,"href":"https:\/\/www.senatorsclubbell.com\/fr\/wp-json\/wp\/v2\/pages\/15277\/revisions"}],"predecessor-version":[{"id":15279,"href":"https:\/\/www.senatorsclubbell.com\/fr\/wp-json\/wp\/v2\/pages\/15277\/revisions\/15279"}],"wp:attachment":[{"href":"https:\/\/www.senatorsclubbell.com\/fr\/wp-json\/wp\/v2\/media?parent=15277"}],"curies":[{"name":"wp","href":"https:\/\/api.w.org\/{rel}","templated":true}]}}