{"id":15211,"date":"2015-12-15T11:02:30","date_gmt":"2015-12-15T16:02:30","guid":{"rendered":"http:\/\/www.senatorsclubbell.com\/fr\/luxe-seats\/"},"modified":"2017-01-03T15:51:20","modified_gmt":"2017-01-03T20:51:20","slug":"luxe-seats","status":"publish","type":"page","link":"https:\/\/www.senatorsclubbell.com\/fr\/luxe-seats\/","title":{"rendered":"Si\u00e8ges Luxe"},"content":{"rendered":"<div      class=\"vc_row wpb_row section vc_row-fluid\" style=' text-align:left;'><div class=\" full_section_inner clearfix\"><div class=\"wpb_column vc_column_container vc_col-sm-12\"><div class=\"wpb_wrapper\"><div class=\"separator  small center  \" style=\"margin-top: 75px;margin-bottom: 38px;\"><\/div>\n\n\t<div class=\"wpb_text_column wpb_content_element \">\n\t\t<div class=\"wpb_wrapper\">\n\t\t\t<h4 style=\"text-align: center;\">\u00c0 partir de seulement 9 rang\u00e9es de la patinoire, les si\u00e8ges Luxe offrent l\u2019exp\u00e9rience VIP pour vous et vos invit\u00e9s au niveau 100.<\/h4>\n\n\t\t<\/div> \n\t<\/div> <div class=\"separator  transparent   \" style=\"margin-top: 75px;margin-bottom: 38px;\"><\/div>\n<\/div><\/div><\/div><\/div><div      class=\"vc_row wpb_row section vc_row-fluid vc_custom_1450194476479\" style=' text-align:left;'><div class=\" full_section_inner clearfix\"><div class=\"wpb_column vc_column_container vc_col-sm-12\"><div class=\"wpb_wrapper\"><div class=\"separator  transparent   \" style=\"margin-top: 75px;margin-bottom: 38px;\"><\/div>\n\n\t<div class=\"wpb_text_column wpb_content_element \">\n\t\t<div class=\"wpb_wrapper\">\n\t\t\t<h2 style=\"text-align: center;\"><span style=\"color: #ffffff;\">Avantages<\/span><\/h2>\n\n\t\t<\/div> \n\t<\/div> <div class=\"separator  transparent   \" style=\"margin-top: 75px;margin-bottom: 38px;\"><\/div>\n<\/div><\/div><\/div><\/div><div      class=\"vc_row wpb_row section vc_row-fluid vc_custom_1450195404130 grid_section\" style=' text-align:left;'><div class=\" section_inner clearfix\"><div class='section_inner_margin clearfix'><div class=\"wpb_column vc_column_container vc_col-sm-6\"><div class=\"wpb_wrapper\"><div class=\"q_pie_chart_holder\"><div class=\"q_percentage\" data-percent=\"99%\" data-linewidth=\"8\" data-active=\"#ffffff\" data-noactive=\"#0a0a0a\" style=\"color:#ffffff;font-size:27px;font-weight:500;\"><span class=\"tocounter\">99%<\/span>%<\/div><div class=\"pie_chart_text\"><span class=\"separator small\" style='background-color: #ffffff;'\"><\/span><p style=\"color: #ffffff;\">(Billets en nombre limit\u00e9)<\/p><\/div><\/div><\/div><\/div><div class=\"wpb_column vc_column_container vc_col-sm-6\"><div class=\"wpb_wrapper\">\n\t<div class=\"wpb_text_column wpb_content_element \">\n\t\t<div class=\"wpb_wrapper\">\n\t\t\t<ul class=\"clubBell\">\n<li class=\"clubBell\"><span style=\"color: #ffffff;\">Stationnement VIP <span style=\"font-size: 11px;\">pr\u00e9sent\u00e9e par<\/span> <img src=\"http:\/\/www.senatorsclubbell.com\/wp-content\/uploads\/2016\/02\/markmotors-logo-white.png\" alt=\"\" width=\"100px\" \/><\/span><\/li>\n<li class=\"clubBell\"><span style=\"color: #ffffff;\">Entr\u00e9e priv\u00e9e avec service de concierge<\/span><\/li>\n<li class=\"clubBell\"><span style=\"color: #ffffff;\">Acc\u00e8s au Club Bell (avant, pendant et apr\u00e8s les matchs)<\/span><\/li>\n<li class=\"clubBell\"><span style=\"color: #ffffff;\">Service alimentaire tout inclus<\/span><\/li>\n<li class=\"clubBell\"><span style=\"color: #ffffff;\">Acc\u00e8s aux s\u00e9ries \u00e9liminatoires de la LNH \u2013 Premier droit de refus<\/span><\/li>\n<li class=\"clubBell\"><span style=\"color: #ffffff;\">Acc\u00e8s aux pr\u00e9ventes pour les concerts<\/span><\/li>\n<li class=\"clubBell\"><span style=\"color: #ffffff;\">Invitations \u00e0 des activit\u00e9s exclusives de r\u00e9seautage des S\u00e9nateurs<\/span><\/li>\n<\/ul>\n\n\t\t<\/div> \n\t<\/div> <div class=\"separator  normal   \" style=\"margin-top: 15px;margin-bottom: 15px;opacity: 0;\"><\/div>\n<a  href=\"#contact_us_luxefr\" target=\"_self\" data-hover-background-color=#ffffff data-hover-border-color=#ffffff data-hover-color=#0a0a0a class=\"qbutton  center\" style=\"color: #0a0a0a; border-color: #ffffff; font-style: normal; font-weight: 400; background-color: #ffffff;\">COMMUNIQUEZ AVEC NOUS<i class=\"fa fa-phone\" style=\"color: #0a0a0a;\"><\/i><\/a><\/div><\/div><\/div><\/div><\/div><div      class=\"vc_row wpb_row section vc_row-fluid vc_custom_1450194737842\" style=' text-align:left;'><div class=\" full_section_inner clearfix\"><div class=\"wpb_column vc_column_container vc_col-sm-12\"><div class=\"wpb_wrapper\"><div class=\"separator  normal   \" style=\"margin-top: 38px;margin-bottom: 38px;opacity: 0;\"><\/div>\n<\/div><\/div><\/div><\/div><div      class=\"vc_row wpb_row section vc_row-fluid\" style=' text-align:left;'><div class=\" full_section_inner clearfix\"><div class=\"wpb_column vc_column_container vc_col-sm-12\"><div class=\"wpb_wrapper\"><div class=\"wpb_gallery wpb_content_element vc_clearfix\"><div class=\"wpb_wrapper\"><div class=\"wpb_gallery_slides wpb_image_grid\" data-interval=\"3\"><div class=\"gallery_holder\"><ul class=\"gallery_inner gallery_without_space  v5\"><li class=\"grayscale\"><a class=\"prettyphoto\" href=\"https:\/\/www.senatorsclubbell.com\/wp-content\/uploads\/2015\/12\/20151008AC075.jpg\" rel=\"prettyPhoto[rel-15211-1497512460]\"><img class=\"\" src=\"https:\/\/www.senatorsclubbell.com\/wp-content\/uploads\/2015\/12\/20151008AC075-400x400.jpg\" width=\"400\" height=\"400\" alt=\"Club Bell\n\nOct. 08, 2015\n\nPHOTO: Andrea Cardin\/Freestyle Photography\/OSHC\" title=\"Club Bell\" \/><\/a><\/li><li class=\"grayscale\"><a class=\"prettyphoto\" href=\"https:\/\/www.senatorsclubbell.com\/wp-content\/uploads\/2013\/10\/20151011AC099-1024x575.jpg\" rel=\"prettyPhoto[rel-15211-1497512460]\"><img class=\"\" src=\"https:\/\/www.senatorsclubbell.com\/wp-content\/uploads\/2013\/10\/20151011AC099-400x400.jpg\" width=\"400\" height=\"400\" alt=\"Club Bell\n\nOct. 11, 2015\n\nPHOTO: Andrea Cardin\/Freestyle Photography\/OSHC\" title=\"Club Bell\" \/><\/a><\/li><li class=\"grayscale\"><a class=\"prettyphoto\" href=\"https:\/\/www.senatorsclubbell.com\/wp-content\/uploads\/2013\/10\/20151011AC072.jpg\" rel=\"prettyPhoto[rel-15211-1497512460]\"><img class=\"\" src=\"https:\/\/www.senatorsclubbell.com\/wp-content\/uploads\/2013\/10\/20151011AC072-400x400.jpg\" width=\"400\" height=\"400\" alt=\"Club Bell\n\nOct. 11, 2015\n\nPHOTO: Andrea Cardin\/Freestyle Photography\/OSHC\" title=\"Club Bell\" \/><\/a><\/li><li class=\"grayscale\"><a class=\"prettyphoto\" href=\"https:\/\/www.senatorsclubbell.com\/wp-content\/uploads\/2013\/10\/20151011AC060-1024x742.jpg\" rel=\"prettyPhoto[rel-15211-1497512460]\"><img class=\"\" src=\"https:\/\/www.senatorsclubbell.com\/wp-content\/uploads\/2013\/10\/20151011AC060-400x400.jpg\" width=\"400\" height=\"400\" alt=\"Club Bell\n\nOct. 11, 2015\n\nPHOTO: Andrea Cardin\/Freestyle Photography\/OSHC\" title=\"Club Bell\" \/><\/a><\/li><li class=\"grayscale\"><a class=\"prettyphoto\" href=\"https:\/\/www.senatorsclubbell.com\/wp-content\/uploads\/2014\/03\/20151008AC015-1024x690.jpg\" rel=\"prettyPhoto[rel-15211-1497512460]\"><img class=\"\" src=\"https:\/\/www.senatorsclubbell.com\/wp-content\/uploads\/2014\/03\/20151008AC015-400x400.jpg\" width=\"400\" height=\"400\" alt=\"Club Bell\n\nOct. 08, 2015\n\nPHOTO: Andrea Cardin\/Freestyle Photography\/OSHC\" title=\"Club Bell\" \/><\/a><\/li><li class=\"grayscale\"><a class=\"prettyphoto\" href=\"https:\/\/www.senatorsclubbell.com\/wp-content\/uploads\/2014\/03\/20151011AC115-1024x709.jpg\" rel=\"prettyPhoto[rel-15211-1497512460]\"><img class=\"\" src=\"https:\/\/www.senatorsclubbell.com\/wp-content\/uploads\/2014\/03\/20151011AC115-400x400.jpg\" width=\"400\" height=\"400\" alt=\"Club Bell\n\nOct. 11, 2015\n\nPHOTO: Andrea Cardin\/Freestyle Photography\/OSHC\" title=\"Club Bell\" \/><\/a><\/li><li class=\"grayscale\"><a class=\"prettyphoto\" href=\"https:\/\/www.senatorsclubbell.com\/wp-content\/uploads\/2015\/12\/20151008AC002.jpg\" rel=\"prettyPhoto[rel-15211-1497512460]\"><img class=\"\" src=\"https:\/\/www.senatorsclubbell.com\/wp-content\/uploads\/2015\/12\/20151008AC002-400x400.jpg\" width=\"400\" height=\"400\" alt=\"Club Bell\n\nOct. 08, 2015\n\nPHOTO: Andrea Cardin\/Freestyle Photography\/OSHC\" title=\"Club Bell\" \/><\/a><\/li><li class=\"grayscale\"><a class=\"prettyphoto\" href=\"https:\/\/www.senatorsclubbell.com\/wp-content\/uploads\/2014\/03\/20151008AC060.jpg\" rel=\"prettyPhoto[rel-15211-1497512460]\"><img class=\"\" src=\"https:\/\/www.senatorsclubbell.com\/wp-content\/uploads\/2014\/03\/20151008AC060-400x400.jpg\" width=\"400\" height=\"400\" alt=\"Club Bell\n\nOct. 08, 2015\n\nPHOTO: Andrea Cardin\/Freestyle Photography\/OSHC\" title=\"Club Bell\" \/><\/a><\/li><li class=\"grayscale\"><a class=\"prettyphoto\" href=\"https:\/\/www.senatorsclubbell.com\/wp-content\/uploads\/2014\/03\/20151011AC145-1024x742.jpg\" rel=\"prettyPhoto[rel-15211-1497512460]\"><img class=\"\" src=\"https:\/\/www.senatorsclubbell.com\/wp-content\/uploads\/2014\/03\/20151011AC145-400x400.jpg\" width=\"400\" height=\"400\" alt=\"Club Bell\n\nOct. 11, 2015\n\nPHOTO: Andrea Cardin\/Freestyle Photography\/OSHC\" title=\"Club Bell\" \/><\/a><\/li><li class=\"grayscale\"><a class=\"prettyphoto\" href=\"https:\/\/www.senatorsclubbell.com\/wp-content\/uploads\/2014\/03\/20151011AC073-1024x706.jpg\" rel=\"prettyPhoto[rel-15211-1497512460]\"><img class=\"\" src=\"https:\/\/www.senatorsclubbell.com\/wp-content\/uploads\/2014\/03\/20151011AC073-400x400.jpg\" width=\"400\" height=\"400\" alt=\"Club Bell\n\nOct. 11, 2015\n\nPHOTO: Andrea Cardin\/Freestyle Photography\/OSHC\" title=\"Club Bell\" \/><\/a><\/li><\/ul><\/div><\/div><\/div><\/div><\/div><\/div><\/div><\/div><div      class=\"vc_row wpb_row section vc_row-fluid vc_custom_1450194891880\" style=' text-align:left;'><div class=\" full_section_inner clearfix\"><div class=\"wpb_column vc_column_container vc_col-sm-12\"><div class=\"wpb_wrapper\"><div class=\"separator  normal   \" style=\"\"><\/div>\n<\/div><\/div><\/div><\/div><div      class=\"vc_row wpb_row section vc_row-fluid\" style=' text-align:left;'><div class=\" full_section_inner clearfix\"><div class=\"wpb_column vc_column_container vc_col-sm-12\"><div class=\"wpb_wrapper\"><div class=\"separator  normal   \" style=\"margin-top: 30px;margin-bottom: 30px;\"><\/div>\n<\/div><\/div><\/div><\/div><div   data-q_id=\"#contact_us_luxefr\"    class=\"vc_row wpb_row section vc_row-fluid grid_section\" style=' text-align:left;'><div class=\" section_inner clearfix\"><div class='section_inner_margin clearfix'><div class=\"wpb_column vc_column_container vc_col-sm-6\"><div class=\"wpb_wrapper\">\n\t<div class=\"wpb_text_column wpb_content_element \">\n\t\t<div class=\"wpb_wrapper\">\n\t\t\t<p>Pour plus de renseignements, veuillez remplir le formulaire ci-dessous et un membre de notre \u00e9quipe des Services privil\u00e8ges communiquera avec vous au moment qui vous convient.<\/p>\n<p><iframe loading=\"lazy\" src=\"http:\/\/www.pages02.net\/ottawasenators\/ClubBellWebtoLead\/Club_Bell_Web_to_Lead_French\" width=\"450\" height=\"550\" frameborder=\"0\" scrolling=\"no\"><\/iframe><\/p>\n\n\t\t<\/div> \n\t<\/div> <\/div><\/div><div class=\"wpb_column vc_column_container vc_col-sm-6\"><div class=\"wpb_wrapper\"><div class=\"wpb_gmaps_widget wpb_content_element\">\n\t<div class=\"wpb_wrapper\">\n\t<div class=\"wpb_map_wraper\">\n\t\t<iframe src=\"https:\/\/www.google.com\/maps\/embed?pb=!1m18!1m12!1m3!1d2806.5695747464024!2d-75.92901168414404!3d45.29691885261041!2m3!1f0!2f0!3f0!3m2!1i1024!2i768!4f13.1!3m3!1m2!1s0x4cd200887f449a1b%3A0xa64f6ac417f319f1!2sCanadian+Tire+Centre!5e0!3m2!1sen!2sca!4v1449242959436\" width=\"600\" height=\"450\" frameborder=\"0\" style=\"border:0\" allowfullscreen><\/iframe>\t<\/div>\n\t<\/div>\n\t<\/div>\n<div class=\"separator  normal   \" style=\"margin-top: 38px;margin-bottom: 38px;\"><\/div>\n<\/div><\/div><\/div><\/div><\/div>\n","protected":false},"excerpt":{"rendered":"\u00c0 partir de seulement 9 rang\u00e9es de la patinoire, les si\u00e8ges Luxe offrent l\u2019exp\u00e9rience VIP pour vous et vos invit\u00e9s au niveau 100. Avantages 99%%","protected":false},"author":3,"featured_media":0,"parent":0,"menu_order":0,"comment_status":"closed","ping_status":"closed","template":"full_width.php","meta":[],"_links":{"self":[{"href":"https:\/\/www.senatorsclubbell.com\/fr\/wp-json\/wp\/v2\/pages\/15211"}],"collection":[{"href":"https:\/\/www.senatorsclubbell.com\/fr\/wp-json\/wp\/v2\/pages"}],"about":[{"href":"https:\/\/www.senatorsclubbell.com\/fr\/wp-json\/wp\/v2\/types\/page"}],"author":[{"embeddable":true,"href":"https:\/\/www.senatorsclubbell.com\/fr\/wp-json\/wp\/v2\/users\/3"}],"replies":[{"embeddable":true,"href":"https:\/\/www.senatorsclubbell.com\/fr\/wp-json\/wp\/v2\/comments?post=15211"}],"version-history":[{"count":7,"href":"https:\/\/www.senatorsclubbell.com\/fr\/wp-json\/wp\/v2\/pages\/15211\/revisions"}],"predecessor-version":[{"id":15361,"href":"https:\/\/www.senatorsclubbell.com\/fr\/wp-json\/wp\/v2\/pages\/15211\/revisions\/15361"}],"wp:attachment":[{"href":"https:\/\/www.senatorsclubbell.com\/fr\/wp-json\/wp\/v2\/media?parent=15211"}],"curies":[{"name":"wp","href":"https:\/\/api.w.org\/{rel}","templated":true}]}}