{"id":15153,"date":"2014-03-28T10:11:36","date_gmt":"2014-03-28T10:11:36","guid":{"rendered":"http:\/\/www.senatorsclubbell.com\/fr\/home\/"},"modified":"2025-06-04T11:34:48","modified_gmt":"2025-06-04T15:34:48","slug":"home","status":"publish","type":"page","link":"https:\/\/www.senatorsclubbell.com\/fr\/","title":{"rendered":"Club Bell Homepage"},"content":{"rendered":"<div   data-q_id=\"#continue_homepage\"    class=\"vc_row wpb_row section vc_row-fluid grid_section\" style='background-color:#ffffff; padding-top:87px; padding-bottom:34px; text-align:left;'><div class=\" section_inner clearfix\"><div class='section_inner_margin clearfix'><div class=\"wpb_column vc_column_container vc_col-sm-12\"><div class=\"wpb_wrapper\">\n\t<div class=\"wpb_text_column wpb_content_element \">\n\t\t<div class=\"wpb_wrapper\">\n\t\t\t<h2 style=\"text-align: center;\">Bienvenue\u00a0au Club Bell<\/h2>\n\n\t\t<\/div> \n\t<\/div> <div class=\"separator  small center  \" style=\"margin-top: 7px;margin-bottom: 38px;\"><\/div>\n\n\t<div class=\"wpb_text_column wpb_content_element \">\n\t\t<div class=\"wpb_wrapper\">\n\t\t\t<h4 style=\"text-align: center;\">L&rsquo;experience privil\u00e9ge. Red\u00e9finie.<\/h4>\n\n\t\t<\/div> \n\t<\/div> <div class=\"separator  transparent   \" style=\"margin-top: 35px;margin-bottom: 22px;\"><\/div>\n<div class=\"separator  transparent   \" style=\"margin-top: -35px;margin-bottom: 0px;\"><\/div>\n<\/div><\/div><\/div><\/div><\/div><div   data-q_id=\"#portfolio\"    class=\"vc_row wpb_row section vc_row-fluid grid_section\" style=' padding-top:52px; padding-bottom:0px; text-align:left;'><div class=\" section_inner clearfix\"><div class='section_inner_margin clearfix'><div class=\"wpb_column vc_column_container vc_col-sm-12\"><div class=\"wpb_wrapper\"><div class=\"separator  small center  \" style=\"margin-top: 7px;margin-bottom: 45px;\"><\/div>\n<\/div><\/div><\/div><\/div><\/div><div   data-q_id=\"#gallery\"    class=\"vc_row wpb_row section vc_row-fluid\" style=' text-align:left;'><div class=\" full_section_inner clearfix\"><div class=\"wpb_column vc_column_container vc_col-sm-12\"><div class=\"wpb_wrapper\"><div class=\"wpb_gallery wpb_content_element vc_clearfix\"><div class=\"wpb_wrapper\"><div class=\"wpb_gallery_slides wpb_image_grid\" data-interval=\"3\"><div class=\"gallery_holder\"><ul class=\"gallery_inner gallery_without_space  v4\"><li class=\"grayscale\"><a class=\"prettyphoto\" href=\"https:\/\/www.senatorsclubbell.com\/wp-content\/uploads\/2014\/03\/20151011AC114-1024x709.jpg\" rel=\"prettyPhoto[rel-15153-1893668515]\"><img class=\"\" src=\"https:\/\/www.senatorsclubbell.com\/wp-content\/uploads\/2014\/03\/20151011AC114-600x600.jpg\" width=\"600\" height=\"600\" alt=\"Club Bell\n\nOct. 11, 2015\n\nPHOTO: Andrea Cardin\/Freestyle Photography\/OSHC\" title=\"Club Bell\" \/><\/a><\/li><li class=\"grayscale\"><a class=\"prettyphoto\" href=\"https:\/\/www.senatorsclubbell.com\/wp-content\/uploads\/2014\/03\/20151011AC115-1024x709.jpg\" rel=\"prettyPhoto[rel-15153-1893668515]\"><img class=\"\" src=\"https:\/\/www.senatorsclubbell.com\/wp-content\/uploads\/2014\/03\/20151011AC115-600x600.jpg\" width=\"600\" height=\"600\" alt=\"Club Bell\n\nOct. 11, 2015\n\nPHOTO: Andrea Cardin\/Freestyle Photography\/OSHC\" title=\"Club Bell\" \/><\/a><\/li><li class=\"grayscale\"><a class=\"prettyphoto\" href=\"https:\/\/www.senatorsclubbell.com\/wp-content\/uploads\/2014\/03\/20151011AC145-1024x742.jpg\" rel=\"prettyPhoto[rel-15153-1893668515]\"><img class=\"\" src=\"https:\/\/www.senatorsclubbell.com\/wp-content\/uploads\/2014\/03\/20151011AC145-600x600.jpg\" width=\"600\" height=\"600\" alt=\"Club Bell\n\nOct. 11, 2015\n\nPHOTO: Andrea Cardin\/Freestyle Photography\/OSHC\" title=\"Club Bell\" \/><\/a><\/li><li class=\"grayscale\"><a class=\"prettyphoto\" href=\"https:\/\/www.senatorsclubbell.com\/wp-content\/uploads\/2014\/03\/20151011AC073-1024x706.jpg\" rel=\"prettyPhoto[rel-15153-1893668515]\"><img class=\"\" src=\"https:\/\/www.senatorsclubbell.com\/wp-content\/uploads\/2014\/03\/20151011AC073-600x600.jpg\" width=\"600\" height=\"600\" alt=\"Club Bell\n\nOct. 11, 2015\n\nPHOTO: Andrea Cardin\/Freestyle Photography\/OSHC\" title=\"Club Bell\" \/><\/a><\/li><\/ul><\/div><\/div><\/div><\/div><\/div><\/div><\/div><\/div><div      class=\"vc_row wpb_row section vc_row-fluid grid_section\" style=' padding-top:54px; padding-bottom:58px; text-align:left;'><div class=\" section_inner clearfix\"><div class='section_inner_margin clearfix'><div class=\"wpb_column vc_column_container vc_col-sm-12\"><div class=\"wpb_wrapper\">\n\t<div class=\"wpb_text_column wpb_content_element \">\n\t\t<div class=\"wpb_wrapper\">\n\t\t\t<h4 style=\"text-align: center;\"><span style=\"color: #ffffff;\">Le Club Bell sera la toute nouvelle exp\u00e9rience privil\u00e8ge situ\u00e9e au niveau 100 et sera offerte pour tous les d\u00e9tenteurs de si\u00e8ges dans les loges Victoire et Terrasse, ainsi que les si\u00e8ges Luxe.<\/span><\/h4>\n\n\t\t<\/div> \n\t<\/div> <\/div><\/div><\/div><\/div><\/div><div      class=\"vc_row wpb_row section vc_row-fluid grid_section\" style='background-color:#ffffff; padding-top:87px; padding-bottom:34px; text-align:left;'><div class=\" section_inner clearfix\"><div class='section_inner_margin clearfix'><div class=\"wpb_column vc_column_container vc_col-sm-4\"><div class=\"wpb_wrapper\"><div class='q_icon_with_title medium custom_icon_image center'><div class=\"icon_holder q_icon_animation\" style=\" transition-delay: 100ms; -webkit-transition-delay: 100ms; -moz-transition-delay: 100ms; -o-transition-delay: 100ms;\"><img style=\"\" src=\"https:\/\/www.senatorsclubbell.com\/wp-content\/uploads\/2014\/03\/39818-200.png\" alt=\"\"><\/div><div class=\"icon_text_holder\" style=\"\"><div class=\"icon_text_inner\" style=\"\"><h5 class=\"icon_title\" style=\"color: #0a0a0a;\">Stationnement avec voiturier \u00e0 l'arriv\u00e9e<\/h5><p style=''><\/p><\/div><\/div><\/div><div class=\"separator  transparent   \" style=\"margin-top: 26px;margin-bottom: 0px;\"><\/div>\n<div class='q_icon_with_title medium custom_icon_image center'><div class=\"icon_holder q_icon_animation\" style=\" transition-delay: 400ms; -webkit-transition-delay: 400ms; -moz-transition-delay: 400ms; -o-transition-delay: 400ms;\"><img style=\"\" src=\"https:\/\/www.senatorsclubbell.com\/wp-content\/uploads\/2014\/03\/clubbell-icon-6.png\" alt=\"\"><\/div><div class=\"icon_text_holder\" style=\"\"><div class=\"icon_text_inner\" style=\"\"><h5 class=\"icon_title\" style=\"\">Acc\u00e8s aux s\u00e9ries \u00e9liminatoires de la LNH<\/h5><p style=''><\/p><\/div><\/div><\/div><div class=\"separator  transparent   \" style=\"margin-top: 26px;margin-bottom: 0px;\"><\/div>\n<\/div><\/div><div class=\"wpb_column vc_column_container vc_col-sm-4\"><div class=\"wpb_wrapper\"><div class='q_icon_with_title medium custom_icon_image center'><div class=\"icon_holder q_icon_animation\" style=\" transition-delay: 200ms; -webkit-transition-delay: 200ms; -moz-transition-delay: 200ms; -o-transition-delay: 200ms;\"><img style=\"\" src=\"https:\/\/www.senatorsclubbell.com\/wp-content\/uploads\/2014\/03\/clubbell-icon-1.png\" alt=\"\"><\/div><div class=\"icon_text_holder\" style=\"\"><div class=\"icon_text_inner\" style=\"\"><h5 class=\"icon_title\" style=\"\">Service alimentaire tout inclus<\/h5><p style=''><\/p><\/div><\/div><\/div><div class=\"separator  transparent   \" style=\"margin-top: 26px;margin-bottom: 0px;\"><\/div>\n<div class='q_icon_with_title medium custom_icon_image center'><div class=\"icon_holder q_icon_animation\" style=\" transition-delay: 500ms; -webkit-transition-delay: 500ms; -moz-transition-delay: 500ms; -o-transition-delay: 500ms;\"><img style=\"\" src=\"https:\/\/www.senatorsclubbell.com\/wp-content\/uploads\/2014\/03\/28849-200.png\" alt=\"\"><\/div><div class=\"icon_text_holder\" style=\"\"><div class=\"icon_text_inner\" style=\"\"><h5 class=\"icon_title\" style=\"\">Invitations \u00e0 des activit\u00e9s exclusives de r\u00e9seautage des S\u00e9nateurs<\/h5><p style=''><\/p><\/div><\/div><\/div><div class=\"separator  transparent   \" style=\"margin-top: 26px;margin-bottom: 0px;\"><\/div>\n<\/div><\/div><div class=\"wpb_column vc_column_container vc_col-sm-4\"><div class=\"wpb_wrapper\"><div class='q_icon_with_title medium custom_icon_image center'><div class=\"icon_holder q_icon_animation\" style=\" transition-delay: 200ms; -webkit-transition-delay: 200ms; -moz-transition-delay: 200ms; -o-transition-delay: 200ms;\"><img style=\"\" src=\"https:\/\/www.senatorsclubbell.com\/wp-content\/uploads\/2014\/03\/clubbell-icon-4.png\" alt=\"\"><\/div><div class=\"icon_text_holder\" style=\"\"><div class=\"icon_text_inner\" style=\"\"><h5 class=\"icon_title\" style=\"\">Entr\u00e9e s\u00e9par\u00e9e sp\u00e9cifique avec concierge<\/h5><p style=''><\/p><\/div><\/div><\/div><div class=\"separator  transparent   \" style=\"margin-top: 26px;margin-bottom: 0px;\"><\/div>\n<div class='q_icon_with_title medium custom_icon_image center'><div class=\"icon_holder q_icon_animation\" style=\" transition-delay: 600ms; -webkit-transition-delay: 600ms; -moz-transition-delay: 600ms; -o-transition-delay: 600ms;\"><img style=\"\" src=\"https:\/\/www.senatorsclubbell.com\/wp-content\/uploads\/2014\/03\/lunch.png\" alt=\"\"><\/div><div class=\"icon_text_holder\" style=\"\"><div class=\"icon_text_inner\" style=\"\"><h5 class=\"icon_title\" style=\"\">Service dans la loge<\/h5><p style=''><\/p><\/div><\/div><\/div><div class=\"separator  transparent   \" style=\"margin-top: 26px;margin-bottom: 0px;\"><\/div>\n<\/div><\/div><\/div><\/div><\/div><section   data-q_id=\"#counters\"    data-speed=\"1\" class=\"parallax_section_holder  \" style = \" height:620px; background-image:url('https:\/\/www.senatorsclubbell.com\/wp-content\/uploads\/2014\/03\/Victory-Suites-v4.jpg');\"><div class=\"parallax_content left\"><div class='parallax_section_inner_margin clearfix'><div class=\"wpb_column vc_column_container vc_col-sm-12\"><div class=\"wpb_wrapper\"><div class=\"separator  transparent   \" style=\"margin-top: 20px;margin-bottom: 50px;\"><\/div>\n<div      class=\"vc_row wpb_row section vc_inner vc_row-fluid\" style=' text-align:left;'><div class=\" full_section_inner clearfix\"><div class=\"wpb_column vc_column_container vc_col-sm-4\"><div class=\"wpb_wrapper\"><div class=\"separator  transparent   \" style=\"margin-top: 100px;margin-bottom: 0px;\"><\/div>\n<div class=\"q_pie_chart_holder\"><div class=\"q_percentage\" data-percent=\"100%\" data-linewidth=\"8\" data-active=\"#ffffff\" data-noactive=\"#0a0a0a\" style=\"color:#ffffff;font-size:27px;font-weight:500;\"><span class=\"tocounter\">100%<\/span>%<\/div><div class=\"pie_chart_text\"><h2 class=\"pie_title\" style=\"color: #ffffff;\">Loge Victoire<\/h2><span class=\"separator small\" style='background-color: #ffffff;'\"><\/span><p style=\"color: #ffffff;\">(COMPLET!)<\/p><\/div><\/div><\/div><\/div><div class=\"wpb_column vc_column_container vc_col-sm-4\"><div class=\"wpb_wrapper\"><div class=\"separator  transparent   \" style=\"margin-top: 100px;margin-bottom: 0px;\"><\/div>\n<div class=\"q_pie_chart_holder\"><div class=\"q_percentage\" data-percent=\"99%\" data-linewidth=\"8\" data-active=\"#ffffff\" data-noactive=\"#0a0a0a\" style=\"color:#ffffff;font-size:27px;font-weight:500;\"><span class=\"tocounter\">99%<\/span>%<\/div><div class=\"pie_chart_text\"><h2 class=\"pie_title\" style=\"color: #ffffff;\">Loge Terrase<\/h2><span class=\"separator small\" style='background-color: #ffffff;'\"><\/span><p style=\"color: #ffffff;\">(COMPLET!)<\/p><\/div><\/div><\/div><\/div><div class=\"wpb_column vc_column_container vc_col-sm-4\"><div class=\"wpb_wrapper\"><div class=\"separator  transparent   \" style=\"margin-top: 100px;margin-bottom: 0px;\"><\/div>\n<div class=\"q_pie_chart_holder\"><div class=\"q_percentage\" data-percent=\"83%\" data-linewidth=\"8\" data-active=\"#ffffff\" data-noactive=\"#0a0a0a\" style=\"color:#ffffff;font-size:27px;font-weight:500;\"><span class=\"tocounter\">83%<\/span>%<\/div><div class=\"pie_chart_text\"><h2 class=\"pie_title\" style=\"color: #ffffff;\">Si\u00e8ges Luxe<\/h2><span class=\"separator small\" style='background-color: #0a0a0a;'\"><\/span><p style=\"color: #ffffff;\">(Billets en nombre limit\u00e9)<\/p><\/div><\/div><\/div><\/div><\/div><\/div><div class=\"separator  small center  \" style=\"margin-top: 7px;margin-bottom: 45px;\"><\/div>\n<\/div><\/div><\/div><\/div><\/section><div      class=\"vc_row wpb_row section vc_row-fluid\" style=' padding-top:52px; text-align:left;'><div class=\" full_section_inner clearfix\"><div class=\"wpb_column vc_column_container vc_col-sm-12\"><div class=\"wpb_wrapper\">\n\t<div class=\"wpb_text_column wpb_content_element \">\n\t\t<div class=\"wpb_wrapper\">\n\t\t\t<h2 style=\"text-align: center;\"><span style=\"color: #ffffff;\">COMMUNIQUEZ AVEC NOUS<\/span><\/h2>\n\n\t\t<\/div> \n\t<\/div> <div class=\"separator  small center  \" style=\"margin-top: 7px;margin-bottom: 45px;\"><\/div>\n<\/div><\/div><\/div><\/div><div      class=\"vc_row wpb_row section vc_row-fluid grid_section\" style='background-color:#ffffff; padding-top:97px; text-align:left;'><div class=\" section_inner clearfix\"><div class='section_inner_margin clearfix'><div class=\"wpb_column vc_column_container vc_col-sm-6\"><div class=\"wpb_wrapper\"><div      class=\"vc_row wpb_row section vc_inner vc_row-fluid\" style=' text-align:center;'><div class=\" full_section_inner clearfix\"><div class=\"wpb_column vc_column_container vc_col-sm-12\"><div class=\"wpb_wrapper\">\n\t<div class=\"wpb_text_column wpb_content_element \">\n\t\t<div class=\"wpb_wrapper\">\n\t\t\t<p>Pour plus de renseignements, veuillez remplir le formulaire ci-dessous et un membre de notre \u00e9quipe des Services privil\u00e9ges communiquera avec vous au moment qui vous convient.<\/p>\n<p><iframe loading=\"lazy\" src=\"https:\/\/ottawasenators.formstack.com\/forms\/season_tickets_contact\" width=\"450\" height=\"875\" frameborder=\"0\" scrolling=\"no\"><\/iframe><\/p>\n\n\t\t<\/div> \n\t<\/div> <div class=\"separator  transparent   \" style=\"margin-top: 35px;margin-bottom: 0px;\"><\/div>\n<div class=\"separator  transparent   \" style=\"margin-top: 80px;margin-bottom: 0px;\"><\/div>\n<\/div><\/div><\/div><\/div><\/div><\/div><div class=\"wpb_column vc_column_container vc_col-sm-6\"><div class=\"wpb_wrapper\"><div class=\"wpb_gmaps_widget wpb_content_element\">\n\t<div class=\"wpb_wrapper\">\n\t<div class=\"wpb_map_wraper\">\n\t\t<iframe src=\"https:\/\/www.google.com\/maps\/embed?pb=!1m18!1m12!1m3!1d2806.5695747464024!2d-75.92901168414404!3d45.29691885261041!2m3!1f0!2f0!3f0!3m2!1i1024!2i768!4f13.1!3m3!1m2!1s0x4cd200887f449a1b%3A0xa64f6ac417f319f1!2sCanadian+Tire+Centre!5e0!3m2!1sen!2sca!4v1449242959436\" width=\"600\" height=\"450\" frameborder=\"0\" style=\"border:0\" allowfullscreen><\/iframe>\t<\/div>\n\t<\/div>\n\t<\/div>\n<div class=\"separator  transparent   \" style=\"margin-top: 80px;margin-bottom: 8px;\"><\/div>\n<\/div><\/div><\/div><\/div><\/div><div      class=\"vc_row wpb_row section vc_row-fluid grid_section\" style='background-color:#ffffff; padding-top:46px; padding-bottom:49px; text-align:left;'><div class=\" section_inner clearfix\"><div class='section_inner_margin clearfix'><div class=\"wpb_column vc_column_container vc_col-sm-12\"><div class=\"wpb_wrapper\"><\/div><\/div><\/div><\/div><\/div>\n","protected":false},"excerpt":{"rendered":"Bienvenue\u00a0au Club Bell L'experience privil\u00e9ge. Red\u00e9finie. Le Club Bell sera la toute nouvelle exp\u00e9rience privil\u00e8ge situ\u00e9e au niveau 100 et sera offerte pour tous les d\u00e9tenteurs de si\u00e8ges dans les loges Victoire et Terrasse, ainsi que les si\u00e8ges Luxe. Stationnement avec voiturier \u00e0 l'arriv\u00e9e Acc\u00e8s...","protected":false},"author":3,"featured_media":0,"parent":0,"menu_order":0,"comment_status":"open","ping_status":"open","template":"full_width.php","meta":[],"_links":{"self":[{"href":"https:\/\/www.senatorsclubbell.com\/fr\/wp-json\/wp\/v2\/pages\/15153"}],"collection":[{"href":"https:\/\/www.senatorsclubbell.com\/fr\/wp-json\/wp\/v2\/pages"}],"about":[{"href":"https:\/\/www.senatorsclubbell.com\/fr\/wp-json\/wp\/v2\/types\/page"}],"author":[{"embeddable":true,"href":"https:\/\/www.senatorsclubbell.com\/fr\/wp-json\/wp\/v2\/users\/3"}],"replies":[{"embeddable":true,"href":"https:\/\/www.senatorsclubbell.com\/fr\/wp-json\/wp\/v2\/comments?post=15153"}],"version-history":[{"count":13,"href":"https:\/\/www.senatorsclubbell.com\/fr\/wp-json\/wp\/v2\/pages\/15153\/revisions"}],"predecessor-version":[{"id":15472,"href":"https:\/\/www.senatorsclubbell.com\/fr\/wp-json\/wp\/v2\/pages\/15153\/revisions\/15472"}],"wp:attachment":[{"href":"https:\/\/www.senatorsclubbell.com\/fr\/wp-json\/wp\/v2\/media?parent=15153"}],"curies":[{"name":"wp","href":"https:\/\/api.w.org\/{rel}","templated":true}]}}